{"id":2,"date":"2016-03-10T09:55:21","date_gmt":"2016-03-10T09:55:21","guid":{"rendered":"http:\/\/planteea.ro\/blog\/?page_id=2"},"modified":"2020-02-05T09:53:57","modified_gmt":"2020-02-05T07:53:57","slug":"despre-noi","status":"publish","type":"page","link":"https:\/\/www.planteea.ro\/blog\/despre-noi\/","title":{"rendered":"Despre Noi &#8211; Magazinul online Planteea"},"content":{"rendered":"<p>Magazinul online <a href=\"https:\/\/www.planteea.ro\/\">Planteea<\/a> v\u0103 ofer\u0103 cea mai mare gam\u0103 de produse naturiste \u0219i de <a href=\"http:\/\/www.sfatulmedicului.ro\/Alimentatia-sanatoasa\/ce-trebuie-sa-stim-despre-alimentele-organice-bio_8889\">produse organice<\/a> din Romania \u0219i totodat\u0103 cel mai mare num\u0103r de produc\u0103tori autohtoni \u0219i interna\u021bionali.<\/p>\n<p>Facem tot ce ne st\u0103 \u00een putin\u021b\u0103 s\u0103 men\u021binem pre\u021buri competitive, rezonabile, accesibile oric\u0103rui buzunar. Ceea ce ne diferen\u021biaz\u0103 de majoritatea site-urilor concurente este dorin\u021ba continu\u0103 de a colabora direct cu produc\u0103torii mari, form\u00e2ndu-ne un stoc bine conturat cu care s\u0103 ne putem onora comenzile \u00een timp c\u00e2t mai scurt. Ne-am propus \u00eenc\u0103 de la bun \u00eenceput s\u0103 fim lideri incontestabili \u00een domeniu \u0219i lucr\u0103m \u00een continuare la acest aspect, baz\u00e2ndu-ne pe nevoile clien\u021bilor no\u0219tri pentru a ne men\u021bine aceast\u0103 pozi\u021bie.\u00a0<\/p>\n<p>Ne m\u00e2ndrim cu o re\u021bea de 12 magazine fizice, cel mai vechi dat\u00e2nd din anul 2007 \u0219i un magazin online care \u0219i-a deschis por\u021bile \u00een anul 2016 cu ajutorul c\u0103ruia am putut fi \u0219i mai mult al\u0103turi de clien\u021bii no\u0219tri \u0219i am creat o leg\u0103tur\u0103 \u0219i conexiuni mult mai directe, fiecare experien\u021b\u0103 ajut\u00e2ndu-ne s\u0103 cre\u0219tem. Magazinul online Planteea a luat na\u0219tere odat\u0103 cu cerin\u021bele venite din partea oamenilor din afara Bucure\u0219tiului sau Rom\u00e2niei ce nu aveau posibilitatea de a beneficia de varietatea noastr\u0103 de produse.<\/p>\n<p>Ne dorim ca \u0219i pe blog s\u0103 livr\u0103m informa\u021bii utile \u0219i de calitate, persoanelor suferinde sau care doresc s\u0103 afle mai multe despre s\u0103n\u0103tate, frumuse\u021be, alimenta\u021bie \u0219i nu numai.<\/p>\n<p>Spor la citit s\u0103 ave\u021bi!<\/p>\n\n\n<figure class=\"wp-block-image size-large is-resized\"><img loading=\"lazy\" decoding=\"async\" src=\"https:\/\/www.planteea.ro\/blog\/wp-content\/uploads\/2020\/02\/plantoteca-2.png\" alt=\"\" class=\"wp-image-978\" width=\"277\" height=\"277\" srcset=\"https:\/\/www.planteea.ro\/blog\/wp-content\/uploads\/2020\/02\/plantoteca-2.png 827w, https:\/\/www.planteea.ro\/blog\/wp-content\/uploads\/2020\/02\/plantoteca-2-500x500.png 500w, https:\/\/www.planteea.ro\/blog\/wp-content\/uploads\/2020\/02\/plantoteca-2-150x150.png 150w\" sizes=\"auto, (max-width: 277px) 100vw, 277px\" \/><\/figure>\n","protected":false},"excerpt":{"rendered":"<p>Magazinul online Planteea v\u0103 ofer\u0103 cea mai mare gam\u0103 de produse naturiste \u0219i de produse organice din Romania \u0219i totodat\u0103&hellip;<\/p>\n","protected":false},"author":1,"featured_media":0,"parent":0,"menu_order":0,"comment_status":"closed","ping_status":"open","template":"","meta":{"footnotes":""},"class_list":["post-2","page","type-page","status-publish","hentry"],"yoast_head":"<!-- This site is optimized with the Yoast SEO Premium plugin v24.0 (Yoast SEO v27.5) - https:\/\/yoast.com\/product\/yoast-seo-premium-wordpress\/ -->\n<title>Despre Noi - Magazinul online Planteea - Blog Planteea<\/title>\n<meta name=\"description\" content=\"Magazinul online Planteea v\u0103 ofer\u0103 cea mai mare gam\u0103 de produse naturiste \u0219i de produse organice din Romania \u0219i cel mai mare numar de produc\u0103tori autohtoni.\" \/>\n<meta name=\"robots\" content=\"index, follow, max-snippet:-1, max-image-preview:large, max-video-preview:-1\" \/>\n<link rel=\"canonical\" href=\"https:\/\/www.planteea.ro\/blog\/despre-noi\/\" \/>\n<meta property=\"og:locale\" content=\"ro_RO\" \/>\n<meta property=\"og:type\" content=\"article\" \/>\n<meta property=\"og:title\" content=\"Despre Noi - Magazinul online Planteea\" \/>\n<meta property=\"og:description\" content=\"Magazinul online Planteea v\u0103 ofer\u0103 cea mai mare gam\u0103 de produse naturiste \u0219i de produse organice din Romania \u0219i cel mai mare numar de produc\u0103tori autohtoni.\" \/>\n<meta property=\"og:url\" content=\"https:\/\/www.planteea.ro\/blog\/despre-noi\/\" \/>\n<meta property=\"og:site_name\" content=\"Blog Planteea\" \/>\n<meta property=\"article:publisher\" content=\"https:\/\/www.facebook.com\/planteea.ro\" \/>\n<meta property=\"article:modified_time\" content=\"2020-02-05T07:53:57+00:00\" \/>\n<meta property=\"og:image\" content=\"https:\/\/www.planteea.ro\/blog\/wp-content\/uploads\/2020\/02\/plantoteca-2.png\" \/>\n<meta name=\"twitter:card\" content=\"summary_large_image\" \/>\n<meta name=\"twitter:site\" content=\"@Planteea_Online\" \/>\n<meta name=\"twitter:label1\" content=\"Timp estimat pentru citire\" \/>\n\t<meta name=\"twitter:data1\" content=\"1 minut\" \/>\n<script type=\"application\/ld+json\" class=\"yoast-schema-graph\">{\"@context\":\"https:\\\/\\\/schema.org\",\"@graph\":[{\"@type\":\"WebPage\",\"@id\":\"https:\\\/\\\/www.planteea.ro\\\/blog\\\/despre-noi\\\/\",\"url\":\"https:\\\/\\\/www.planteea.ro\\\/blog\\\/despre-noi\\\/\",\"name\":\"Despre Noi - Magazinul online Planteea - Blog Planteea\",\"isPartOf\":{\"@id\":\"https:\\\/\\\/www.planteea.ro\\\/blog\\\/#website\"},\"primaryImageOfPage\":{\"@id\":\"https:\\\/\\\/www.planteea.ro\\\/blog\\\/despre-noi\\\/#primaryimage\"},\"image\":{\"@id\":\"https:\\\/\\\/www.planteea.ro\\\/blog\\\/despre-noi\\\/#primaryimage\"},\"thumbnailUrl\":\"https:\\\/\\\/www.planteea.ro\\\/blog\\\/wp-content\\\/uploads\\\/2020\\\/02\\\/plantoteca-2.png\",\"datePublished\":\"2016-03-10T09:55:21+00:00\",\"dateModified\":\"2020-02-05T07:53:57+00:00\",\"description\":\"Magazinul online Planteea v\u0103 ofer\u0103 cea mai mare gam\u0103 de produse naturiste \u0219i de produse organice din Romania \u0219i cel mai mare numar de produc\u0103tori autohtoni.\",\"breadcrumb\":{\"@id\":\"https:\\\/\\\/www.planteea.ro\\\/blog\\\/despre-noi\\\/#breadcrumb\"},\"inLanguage\":\"ro-RO\",\"potentialAction\":[{\"@type\":\"ReadAction\",\"target\":[\"https:\\\/\\\/www.planteea.ro\\\/blog\\\/despre-noi\\\/\"]}]},{\"@type\":\"ImageObject\",\"inLanguage\":\"ro-RO\",\"@id\":\"https:\\\/\\\/www.planteea.ro\\\/blog\\\/despre-noi\\\/#primaryimage\",\"url\":\"https:\\\/\\\/www.planteea.ro\\\/blog\\\/wp-content\\\/uploads\\\/2020\\\/02\\\/plantoteca-2.png\",\"contentUrl\":\"https:\\\/\\\/www.planteea.ro\\\/blog\\\/wp-content\\\/uploads\\\/2020\\\/02\\\/plantoteca-2.png\",\"width\":827,\"height\":827},{\"@type\":\"BreadcrumbList\",\"@id\":\"https:\\\/\\\/www.planteea.ro\\\/blog\\\/despre-noi\\\/#breadcrumb\",\"itemListElement\":[{\"@type\":\"ListItem\",\"position\":1,\"name\":\"Home\",\"item\":\"https:\\\/\\\/www.planteea.ro\\\/blog\\\/\"},{\"@type\":\"ListItem\",\"position\":2,\"name\":\"Despre Noi &#8211; Magazinul online Planteea\"}]},{\"@type\":\"WebSite\",\"@id\":\"https:\\\/\\\/www.planteea.ro\\\/blog\\\/#website\",\"url\":\"https:\\\/\\\/www.planteea.ro\\\/blog\\\/\",\"name\":\"Blog Planteea\",\"description\":\"Un Blog \u00een slujba s\u0103n\u0103t\u0103\u021bii tale.\",\"publisher\":{\"@id\":\"https:\\\/\\\/www.planteea.ro\\\/blog\\\/#organization\"},\"potentialAction\":[{\"@type\":\"SearchAction\",\"target\":{\"@type\":\"EntryPoint\",\"urlTemplate\":\"https:\\\/\\\/www.planteea.ro\\\/blog\\\/?s={search_term_string}\"},\"query-input\":{\"@type\":\"PropertyValueSpecification\",\"valueRequired\":true,\"valueName\":\"search_term_string\"}}],\"inLanguage\":\"ro-RO\"},{\"@type\":\"Organization\",\"@id\":\"https:\\\/\\\/www.planteea.ro\\\/blog\\\/#organization\",\"name\":\"Planteea\",\"url\":\"https:\\\/\\\/www.planteea.ro\\\/blog\\\/\",\"logo\":{\"@type\":\"ImageObject\",\"inLanguage\":\"ro-RO\",\"@id\":\"https:\\\/\\\/www.planteea.ro\\\/blog\\\/#\\\/schema\\\/logo\\\/image\\\/\",\"url\":\"https:\\\/\\\/www.planteea.ro\\\/blog\\\/wp-content\\\/uploads\\\/2018\\\/10\\\/logo-planteea.png\",\"contentUrl\":\"https:\\\/\\\/www.planteea.ro\\\/blog\\\/wp-content\\\/uploads\\\/2018\\\/10\\\/logo-planteea.png\",\"width\":148,\"height\":87,\"caption\":\"Planteea\"},\"image\":{\"@id\":\"https:\\\/\\\/www.planteea.ro\\\/blog\\\/#\\\/schema\\\/logo\\\/image\\\/\"},\"sameAs\":[\"https:\\\/\\\/www.facebook.com\\\/planteea.ro\",\"https:\\\/\\\/x.com\\\/Planteea_Online\"]}]}<\/script>\n<!-- \/ Yoast SEO Premium plugin. -->","yoast_head_json":{"title":"Despre Noi - Magazinul online Planteea - Blog Planteea","description":"Magazinul online Planteea v\u0103 ofer\u0103 cea mai mare gam\u0103 de produse naturiste \u0219i de produse organice din Romania \u0219i cel mai mare numar de produc\u0103tori autohtoni.","robots":{"index":"index","follow":"follow","max-snippet":"max-snippet:-1","max-image-preview":"max-image-preview:large","max-video-preview":"max-video-preview:-1"},"canonical":"https:\/\/www.planteea.ro\/blog\/despre-noi\/","og_locale":"ro_RO","og_type":"article","og_title":"Despre Noi - Magazinul online Planteea","og_description":"Magazinul online Planteea v\u0103 ofer\u0103 cea mai mare gam\u0103 de produse naturiste \u0219i de produse organice din Romania \u0219i cel mai mare numar de produc\u0103tori autohtoni.","og_url":"https:\/\/www.planteea.ro\/blog\/despre-noi\/","og_site_name":"Blog Planteea","article_publisher":"https:\/\/www.facebook.com\/planteea.ro","article_modified_time":"2020-02-05T07:53:57+00:00","og_image":[{"url":"https:\/\/www.planteea.ro\/blog\/wp-content\/uploads\/2020\/02\/plantoteca-2.png","type":"","width":"","height":""}],"twitter_card":"summary_large_image","twitter_site":"@Planteea_Online","twitter_misc":{"Timp estimat pentru citire":"1 minut"},"schema":{"@context":"https:\/\/schema.org","@graph":[{"@type":"WebPage","@id":"https:\/\/www.planteea.ro\/blog\/despre-noi\/","url":"https:\/\/www.planteea.ro\/blog\/despre-noi\/","name":"Despre Noi - Magazinul online Planteea - Blog Planteea","isPartOf":{"@id":"https:\/\/www.planteea.ro\/blog\/#website"},"primaryImageOfPage":{"@id":"https:\/\/www.planteea.ro\/blog\/despre-noi\/#primaryimage"},"image":{"@id":"https:\/\/www.planteea.ro\/blog\/despre-noi\/#primaryimage"},"thumbnailUrl":"https:\/\/www.planteea.ro\/blog\/wp-content\/uploads\/2020\/02\/plantoteca-2.png","datePublished":"2016-03-10T09:55:21+00:00","dateModified":"2020-02-05T07:53:57+00:00","description":"Magazinul online Planteea v\u0103 ofer\u0103 cea mai mare gam\u0103 de produse naturiste \u0219i de produse organice din Romania \u0219i cel mai mare numar de produc\u0103tori autohtoni.","breadcrumb":{"@id":"https:\/\/www.planteea.ro\/blog\/despre-noi\/#breadcrumb"},"inLanguage":"ro-RO","potentialAction":[{"@type":"ReadAction","target":["https:\/\/www.planteea.ro\/blog\/despre-noi\/"]}]},{"@type":"ImageObject","inLanguage":"ro-RO","@id":"https:\/\/www.planteea.ro\/blog\/despre-noi\/#primaryimage","url":"https:\/\/www.planteea.ro\/blog\/wp-content\/uploads\/2020\/02\/plantoteca-2.png","contentUrl":"https:\/\/www.planteea.ro\/blog\/wp-content\/uploads\/2020\/02\/plantoteca-2.png","width":827,"height":827},{"@type":"BreadcrumbList","@id":"https:\/\/www.planteea.ro\/blog\/despre-noi\/#breadcrumb","itemListElement":[{"@type":"ListItem","position":1,"name":"Home","item":"https:\/\/www.planteea.ro\/blog\/"},{"@type":"ListItem","position":2,"name":"Despre Noi &#8211; Magazinul online Planteea"}]},{"@type":"WebSite","@id":"https:\/\/www.planteea.ro\/blog\/#website","url":"https:\/\/www.planteea.ro\/blog\/","name":"Blog Planteea","description":"Un Blog \u00een slujba s\u0103n\u0103t\u0103\u021bii tale.","publisher":{"@id":"https:\/\/www.planteea.ro\/blog\/#organization"},"potentialAction":[{"@type":"SearchAction","target":{"@type":"EntryPoint","urlTemplate":"https:\/\/www.planteea.ro\/blog\/?s={search_term_string}"},"query-input":{"@type":"PropertyValueSpecification","valueRequired":true,"valueName":"search_term_string"}}],"inLanguage":"ro-RO"},{"@type":"Organization","@id":"https:\/\/www.planteea.ro\/blog\/#organization","name":"Planteea","url":"https:\/\/www.planteea.ro\/blog\/","logo":{"@type":"ImageObject","inLanguage":"ro-RO","@id":"https:\/\/www.planteea.ro\/blog\/#\/schema\/logo\/image\/","url":"https:\/\/www.planteea.ro\/blog\/wp-content\/uploads\/2018\/10\/logo-planteea.png","contentUrl":"https:\/\/www.planteea.ro\/blog\/wp-content\/uploads\/2018\/10\/logo-planteea.png","width":148,"height":87,"caption":"Planteea"},"image":{"@id":"https:\/\/www.planteea.ro\/blog\/#\/schema\/logo\/image\/"},"sameAs":["https:\/\/www.facebook.com\/planteea.ro","https:\/\/x.com\/Planteea_Online"]}]}},"_links":{"self":[{"href":"https:\/\/www.planteea.ro\/blog\/wp-json\/wp\/v2\/pages\/2","targetHints":{"allow":["GET"]}}],"collection":[{"href":"https:\/\/www.planteea.ro\/blog\/wp-json\/wp\/v2\/pages"}],"about":[{"href":"https:\/\/www.planteea.ro\/blog\/wp-json\/wp\/v2\/types\/page"}],"author":[{"embeddable":true,"href":"https:\/\/www.planteea.ro\/blog\/wp-json\/wp\/v2\/users\/1"}],"replies":[{"embeddable":true,"href":"https:\/\/www.planteea.ro\/blog\/wp-json\/wp\/v2\/comments?post=2"}],"version-history":[{"count":8,"href":"https:\/\/www.planteea.ro\/blog\/wp-json\/wp\/v2\/pages\/2\/revisions"}],"predecessor-version":[{"id":980,"href":"https:\/\/www.planteea.ro\/blog\/wp-json\/wp\/v2\/pages\/2\/revisions\/980"}],"wp:attachment":[{"href":"https:\/\/www.planteea.ro\/blog\/wp-json\/wp\/v2\/media?parent=2"}],"curies":[{"name":"wp","href":"https:\/\/api.w.org\/{rel}","templated":true}]}}